{"id":16950,"date":"2025-06-15T16:24:13","date_gmt":"2025-06-15T19:24:13","guid":{"rendered":"https:\/\/ppgcs.ufrrj.br\/?page_id=16950"},"modified":"2025-06-15T16:24:13","modified_gmt":"2025-06-15T19:24:13","slug":"postdoctoral-researchers","status":"publish","type":"page","link":"https:\/\/ppgcs.ufrrj.br\/en\/postdoctoral-researchers\/","title":{"rendered":"Postdoctoral Researchers"},"content":{"rendered":"<p>Annabelle Bonnet<\/p>\n<p>Ana Carolina Freire Accorsi Miranda<\/p>\n<p>Carlos Henrique Pereira de Souza<\/p>\n<p>Douglas Monteiro de Almeida<\/p>\n<p>Iranilde de Oliveira Silva<\/p>\n<p>Juliana Closel Miraldi<\/p>\n<p>Lorena Mochel Reis<\/p>\n<p>Ludmilla Furtado da Silva<\/p>\n<p>Maria de F\u00e1tima Siliansky de Andreazzi<\/p>\n<p>Mar\u00eda Julia Gim\u00e9nez<\/p>\n<p>Monique Lima de Oliveira<\/p>\n<p>Vanessa Paula da Ponte<\/p>\n","protected":false},"excerpt":{"rendered":"<p>Annabelle Bonnet Ana Carolina Freire Accorsi Miranda Carlos Henrique Pereira de Souza Douglas Monteiro de Almeida Iranilde de Oliveira Silva Juliana Closel Miraldi Lorena Mochel Reis Ludmilla Furtado da Silva Maria de F\u00e1tima Siliansky de Andreazzi Mar\u00eda Julia Gim\u00e9nez Monique Lima de Oliveira Vanessa Paula da Ponte<\/p>\n","protected":false},"author":10,"featured_media":0,"parent":0,"menu_order":0,"comment_status":"closed","ping_status":"closed","template":"","meta":{"_acf_changed":false,"footnotes":""},"class_list":["post-16950","page","type-page","status-publish","hentry"],"acf":[],"_links":{"self":[{"href":"https:\/\/ppgcs.ufrrj.br\/en\/wp-json\/wp\/v2\/pages\/16950","targetHints":{"allow":["GET"]}}],"collection":[{"href":"https:\/\/ppgcs.ufrrj.br\/en\/wp-json\/wp\/v2\/pages"}],"about":[{"href":"https:\/\/ppgcs.ufrrj.br\/en\/wp-json\/wp\/v2\/types\/page"}],"author":[{"embeddable":true,"href":"https:\/\/ppgcs.ufrrj.br\/en\/wp-json\/wp\/v2\/users\/10"}],"replies":[{"embeddable":true,"href":"https:\/\/ppgcs.ufrrj.br\/en\/wp-json\/wp\/v2\/comments?post=16950"}],"version-history":[{"count":1,"href":"https:\/\/ppgcs.ufrrj.br\/en\/wp-json\/wp\/v2\/pages\/16950\/revisions"}],"predecessor-version":[{"id":16951,"href":"https:\/\/ppgcs.ufrrj.br\/en\/wp-json\/wp\/v2\/pages\/16950\/revisions\/16951"}],"wp:attachment":[{"href":"https:\/\/ppgcs.ufrrj.br\/en\/wp-json\/wp\/v2\/media?parent=16950"}],"curies":[{"name":"wp","href":"https:\/\/api.w.org\/{rel}","templated":true}]}}